{"id":545,"date":"2024-03-13T10:35:50","date_gmt":"2024-03-13T10:35:50","guid":{"rendered":"https:\/\/meetingbtlr.com\/se\/?page_id=545"},"modified":"2026-02-04T20:59:01","modified_gmt":"2026-02-04T20:59:01","slug":"support","status":"publish","type":"page","link":"https:\/\/meetingbtlr.com\/se\/support\/","title":{"rendered":"Support"},"content":{"rendered":"\n<style type=\"text\/css\" data-created_by=\"avia_inline_auto\" id=\"style-css-av-v76u1-c1241aa07a19fc6ef31e8a90cb2f6f95\">\n.avia-section.av-v76u1-c1241aa07a19fc6ef31e8a90cb2f6f95{\nposition:relative;\n}\n.avia-section.av-v76u1-c1241aa07a19fc6ef31e8a90cb2f6f95 .av-section-color-overlay{\nopacity:0.8;\nbackground-color:#110400;\n}\n.avia-section.av-v76u1-c1241aa07a19fc6ef31e8a90cb2f6f95 .avia-divider-svg-top svg{\nheight:24px;\nwidth:calc(100% + 1.3px);\nfill:#b5b5b5;\n}\n.avia-section.av-v76u1-c1241aa07a19fc6ef31e8a90cb2f6f95 .avia-divider-svg-bottom svg{\nheight:50px;\nwidth:calc(100% + 1.3px);\nfill:#000000;\n}\n<\/style>\n<div id='av_section_1'  class='avia-section av-v76u1-c1241aa07a19fc6ef31e8a90cb2f6f95 main_color avia-section-default avia-no-border-styling  avia-builder-el-0  avia-builder-el-no-sibling  csv avia-bg-style-scroll av-section-color-overlay-active av-minimum-height av-minimum-height-75 av-height-75  av-section-with-video-bg container_wrap sidebar_right'   data-av_minimum_height_pc='75' data-av_min_height_opt='75' data-section-video-ratio='16:9'><div class='avia-divider-svg avia-divider-svg-waves avia-divider-svg-top avia-to-front avia-svg-original'><svg xmlns=\"http:\/\/www.w3.org\/2000\/svg\" viewBox=\"0 0 1000 100\" preserveAspectRatio=\"none\">\n\t<path d=\"M421.9,6.5c22.6-2.5,51.5,0.4,75.5,5.3c23.6,4.9,70.9,23.5,100.5,35.7c75.8,32.2,133.7,44.5,192.6,49.7\n\tc23.6,2.1,48.7,3.5,103.4-2.5c54.7-6,106.2-25.6,106.2-25.6V0H0v30.3c0,0,72,32.6,158.4,30.5c39.2-0.7,92.8-6.7,134-22.4\n\tc21.2-8.1,52.2-18.2,79.7-24.2C399.3,7.9,411.6,7.5,421.9,6.5z\"\/>\n<\/svg><\/div><div class='avia-divider-svg avia-divider-svg-waves avia-divider-svg-bottom avia-to-front avia-svg-original'><svg xmlns=\"http:\/\/www.w3.org\/2000\/svg\" viewBox=\"0 0 1000 100\" preserveAspectRatio=\"none\">\n\t<path d=\"M421.9,6.5c22.6-2.5,51.5,0.4,75.5,5.3c23.6,4.9,70.9,23.5,100.5,35.7c75.8,32.2,133.7,44.5,192.6,49.7\n\tc23.6,2.1,48.7,3.5,103.4-2.5c54.7-6,106.2-25.6,106.2-25.6V0H0v30.3c0,0,72,32.6,158.4,30.5c39.2-0.7,92.8-6.7,134-22.4\n\tc21.2-8.1,52.2-18.2,79.7-24.2C399.3,7.9,411.6,7.5,421.9,6.5z\"\/>\n<\/svg><\/div><div  class='avia-slideshow av_slideshow_obj-1-69ecb54e9bb65 avia-slideshow-featured av_slideshow avia-slide-slider av-slideshow-ui av-control-default av-slideshow-manual av-loop-once av-loop-manual-endless av-default-height-applied  av-section-video-bg avia-slideshow-1' data-slideshow-options=\"{&quot;animation&quot;:&quot;slide&quot;,&quot;autoplay&quot;:false,&quot;loop_autoplay&quot;:&quot;once&quot;,&quot;interval&quot;:5,&quot;loop_manual&quot;:&quot;manual-endless&quot;,&quot;autoplay_stopper&quot;:false,&quot;noNavigation&quot;:false,&quot;bg_slider&quot;:false,&quot;keep_padding&quot;:false,&quot;hoverpause&quot;:false,&quot;show_slide_delay&quot;:0}\"  itemprop=\"image\" itemscope=\"itemscope\" itemtype=\"https:\/\/schema.org\/ImageObject\" ><ul class='avia-slideshow-inner ' style='padding-bottom: 28.666666666667%;'><li  data-controls='disabled' data-mute='aviaTBaviaTBvideo_mute' data-loop='1' data-disable-autoplay=''  data-video-ratio='1.7777777777778' class='avia-slideshow-slide av_slideshow_obj-1-69ecb54e9bb65__0  av-video-slide  av-video-service-html5  av-hide-video-controls av-mute-video av-loop-video  av-single-slide slide-1 slide-odd'><div data-rel='slideshow-1' class='avia-slide-wrap '    itemprop=\"video\" itemtype=\"https:\/\/schema.org\/VideoObject\" ><div class='av-click-overlay'><\/div><video class='avia_video'  autoplay playsinline loop preload=\"metadata\" muted  id='player_545_170060260_2062697304'><source src=\"https:\/\/meetingbtlr.com\/se\/wp-content\/uploads\/2024\/03\/1116.mp4\" type=\"video\/mp4\" \/><\/video><div class=\"av-click-to-play-overlay\"><div class=\"avia_playpause_icon\"><\/div><\/div><\/div><\/li><\/ul><\/div><div class=\"av-section-color-overlay-wrap\"><div class=\"av-section-color-overlay\"><\/div><div class='container av-section-cont-open' ><main  role=\"main\" itemprop=\"mainContentOfPage\"  class='template-page content  av-content-small alpha units'><div class='post-entry post-entry-type-page post-entry-545'><div class='entry-content-wrapper clearfix'>\n<section  class='av_textblock_section av-ltt0vkfh-a4a0314d104178778e9ddf3649e6af77 '   itemscope=\"itemscope\" itemtype=\"https:\/\/schema.org\/CreativeWork\" ><div class='avia_textblock huvudrubrik'  itemprop=\"text\" ><h1 style=\"text-align: center;\">V\u00e4lkommen att h\u00f6ra av dig!<\/h1>\n<\/div><\/section>\n\n<style type=\"text\/css\" data-created_by=\"avia_inline_auto\" id=\"style-css-av-rk7k1-4a28fd22e4c9e5a5b6e923776d1af34f\">\n#top .hr.hr-invisible.av-rk7k1-4a28fd22e4c9e5a5b6e923776d1af34f{\nheight:16px;\n}\n<\/style>\n<div  class='hr av-rk7k1-4a28fd22e4c9e5a5b6e923776d1af34f hr-invisible  avia-builder-el-2  el_after_av_textblock  el_before_av_hr  av-medium-hide av-small-hide av-mini-hide'><span class='hr-inner '><span class=\"hr-inner-style\"><\/span><\/span><\/div>\n\n<style type=\"text\/css\" data-created_by=\"avia_inline_auto\" id=\"style-css-av-ktk7t-85763d0a3c5f6a50a04c324e8d7d51c8\">\n#top .hr.hr-invisible.av-ktk7t-85763d0a3c5f6a50a04c324e8d7d51c8{\nheight:4px;\n}\n<\/style>\n<div  class='hr av-ktk7t-85763d0a3c5f6a50a04c324e8d7d51c8 hr-invisible  avia-builder-el-3  el_after_av_hr  el_before_av_image '><span class='hr-inner '><span class=\"hr-inner-style\"><\/span><\/span><\/div>\n\n<style type=\"text\/css\" data-created_by=\"avia_inline_auto\" id=\"style-css-av-g5sv5-50433c1a02a924717dfd4d4e5533a9f3\">\n.avia-image-container.av-g5sv5-50433c1a02a924717dfd4d4e5533a9f3 img.avia_image{\nbox-shadow:none;\n}\n.avia-image-container.av-g5sv5-50433c1a02a924717dfd4d4e5533a9f3 .av-image-caption-overlay-center{\ncolor:#ffffff;\n}\n<\/style>\n<div  class='avia-image-container av-g5sv5-50433c1a02a924717dfd4d4e5533a9f3 av-styling- avia_animated_image av-animated-when-visible-95 fade-in avia-align-center  avia-builder-el-4  el_after_av_hr  el_before_av_hr  hlinetop'   itemprop=\"image\" itemscope=\"itemscope\" itemtype=\"https:\/\/schema.org\/ImageObject\" ><div class=\"avia-image-container-inner\"><div class=\"avia-image-overlay-wrap\"><img decoding=\"async\" fetchpriority=\"high\" class='wp-image-226 avia-img-lazy-loading-not-226 avia_image ' src=\"https:\/\/meetingbtlr.com\/se\/wp-content\/uploads\/2024\/03\/l1.png\" alt='' title=''  height=\"7\" width=\"817\"  itemprop=\"thumbnailUrl\" srcset=\"https:\/\/meetingbtlr.com\/se\/wp-content\/uploads\/2024\/03\/l1.png 817w, https:\/\/meetingbtlr.com\/se\/wp-content\/uploads\/2024\/03\/l1-300x3.png 300w, https:\/\/meetingbtlr.com\/se\/wp-content\/uploads\/2024\/03\/l1-768x7.png 768w, https:\/\/meetingbtlr.com\/se\/wp-content\/uploads\/2024\/03\/l1-710x7.png 710w, https:\/\/meetingbtlr.com\/se\/wp-content\/uploads\/2024\/03\/l1-705x6.png 705w\" sizes=\"(max-width: 817px) 100vw, 817px\" \/><\/div><\/div><\/div>\n\n<style type=\"text\/css\" data-created_by=\"avia_inline_auto\" id=\"style-css-av-8bvy1-6beb3672ebf71ef7df6e5f9dcb59f9cb\">\n#top .hr.hr-invisible.av-8bvy1-6beb3672ebf71ef7df6e5f9dcb59f9cb{\nheight:16px;\n}\n<\/style>\n<div  class='hr av-8bvy1-6beb3672ebf71ef7df6e5f9dcb59f9cb hr-invisible  avia-builder-el-5  el_after_av_image  el_before_av_one_fourth  av-medium-hide av-small-hide av-mini-hide'><span class='hr-inner '><span class=\"hr-inner-style\"><\/span><\/span><\/div>\n<div  class='flex_column av-ipsld-07568973dea0689be50c03406622d512 av_one_fourth  avia-builder-el-6  el_after_av_hr  el_before_av_one_half  first flex_column_div  '     ><\/div><div  class='flex_column av-1a1tt-1d2d3abf39fb817c1b6ec2a80d2386b5 av_one_half  avia-builder-el-7  el_after_av_one_fourth  el_before_av_one_fourth  flex_column_div  '     ><section  class='av_textblock_section av-lv3ibpox-f61a78f0ec327ab7aa347f93ed55ca3c '   itemscope=\"itemscope\" itemtype=\"https:\/\/schema.org\/CreativeWork\" ><div class='avia_textblock'  itemprop=\"text\" ><h6 style=\"text-align: center;\">Har du fr\u00e5gor om hur meetingbtlr.com fungerar, eller om hur du kommer ig\u00e5ng? Anv\u00e4nd kontaktformul\u00e4ret nedanf\u00f6r, skicka e-post till info@byggmundo.se eller chatta med oss fr\u00e5n pratbubblan nere till h\u00f6ger. Vi har \u00f6ppet m\u00e5n-fre kl 08.30-20.00<\/h6>\n<\/div><\/section><\/div><div  class='flex_column av-gwldd-be7a6e9ab127a65ab791a4c11ae452c9 av_one_fourth  avia-builder-el-9  el_after_av_one_half  el_before_av_one_fourth  flex_column_div  '     ><\/div><div  class='flex_column av-8x4lt-72c4d0836433c3a1777e53c95de70a89 av_one_fourth  avia-builder-el-10  el_after_av_one_fourth  el_before_av_one_half  first flex_column_div  column-top-margin'     ><\/div><div  class='flex_column av-ltt2o8io-75e0ba9c88a52e483563b4b0be2c18a1 av_one_half  avia-builder-el-11  el_after_av_one_fourth  el_before_av_one_fourth  t12 flex_column_div  column-top-margin'     ><section  class='av_textblock_section av-ltt1mhi8-0f508c24b7d3fed2d6c7317fba6df63f '   itemscope=\"itemscope\" itemtype=\"https:\/\/schema.org\/CreativeWork\" ><div class='avia_textblock t19'  itemprop=\"text\" ><h6 style=\"text-align: center;\">\n<div class=\"wpcf7 no-js\" id=\"wpcf7-f626-o1\" lang=\"sv-SE\" dir=\"ltr\" data-wpcf7-id=\"626\">\n<div class=\"screen-reader-response\"><p role=\"status\" aria-live=\"polite\" aria-atomic=\"true\"><\/p> <ul><\/ul><\/div>\n<form action=\"\/se\/wp-json\/wp\/v2\/pages\/545#wpcf7-f626-o1\" method=\"post\" class=\"wpcf7-form init\" aria-label=\"Kontaktformul\u00e4r\" novalidate=\"novalidate\" data-status=\"init\">\n<fieldset class=\"hidden-fields-container\"><input type=\"hidden\" name=\"_wpcf7\" value=\"626\" \/><input type=\"hidden\" name=\"_wpcf7_version\" value=\"6.1.5\" \/><input type=\"hidden\" name=\"_wpcf7_locale\" value=\"sv_SE\" \/><input type=\"hidden\" name=\"_wpcf7_unit_tag\" value=\"wpcf7-f626-o1\" \/><input type=\"hidden\" name=\"_wpcf7_container_post\" value=\"0\" \/><input type=\"hidden\" name=\"_wpcf7_posted_data_hash\" value=\"\" \/><input type=\"hidden\" name=\"_wpcf7_recaptcha_response\" value=\"\" \/>\n<\/fieldset>\n<p><span class=\"wpcf7-form-control-wrap\" data-name=\"menu-98\"><select class=\"wpcf7-form-control wpcf7-select wpcf7-validates-as-required\" aria-required=\"true\" aria-invalid=\"false\" name=\"menu-98\"><option value=\"V\u00e4lj ditt \u00e4rende\">V\u00e4lj ditt \u00e4rende<\/option><option value=\"\u2022 \u2022 \u2022 \u2022 \u2022 \u2022 \u2022 \u2022 \u2022 \u2022 \u2022 \u2022 \u2022 \u2022 \u2022 \u2022\">\u2022 \u2022 \u2022 \u2022 \u2022 \u2022 \u2022 \u2022 \u2022 \u2022 \u2022 \u2022 \u2022 \u2022 \u2022 \u2022<\/option><option value=\"Allm\u00e4nt\">Allm\u00e4nt<\/option><option value=\"Boka demo\">Boka demo<\/option><option value=\"F\u00f6rs\u00e4ljning\">F\u00f6rs\u00e4ljning<\/option><option value=\"Ombordstigning\">Ombordstigning<\/option><option value=\"Support\">Support<\/option><\/select><\/span>\n<\/p>\n<p><label> F\u00f6retag<br \/>\n<span class=\"wpcf7-form-control-wrap\" data-name=\"foretag\"><input size=\"40\" maxlength=\"400\" class=\"wpcf7-form-control wpcf7-text wpcf7-validates-as-required\" autocomplete=\"company\" aria-required=\"true\" aria-invalid=\"false\" value=\"\" type=\"text\" name=\"foretag\" \/><\/span> <\/label>\n<\/p>\n<p><label> Ditt namn<br \/>\n<span class=\"wpcf7-form-control-wrap\" data-name=\"your-name\"><input size=\"40\" maxlength=\"400\" class=\"wpcf7-form-control wpcf7-text wpcf7-validates-as-required\" autocomplete=\"name\" aria-required=\"true\" aria-invalid=\"false\" value=\"\" type=\"text\" name=\"your-name\" \/><\/span> <\/label>\n<\/p>\n<p><label> Telefon<br \/>\n<span class=\"wpcf7-form-control-wrap\" data-name=\"tel\"><input size=\"40\" maxlength=\"400\" class=\"wpcf7-form-control wpcf7-text wpcf7-validates-as-required\" autocomplete=\"phone\" aria-required=\"true\" aria-invalid=\"false\" value=\"\" type=\"text\" name=\"tel\" \/><\/span> <\/label>\n<\/p>\n<p><label> E-post<br \/>\n<span class=\"wpcf7-form-control-wrap\" data-name=\"your-email\"><input size=\"40\" maxlength=\"400\" class=\"wpcf7-form-control wpcf7-email wpcf7-validates-as-required wpcf7-text wpcf7-validates-as-email\" autocomplete=\"email\" aria-required=\"true\" aria-invalid=\"false\" value=\"\" type=\"email\" name=\"your-email\" \/><\/span> <\/label>\n<\/p>\n<p><label> Meddelande<br \/>\n<span class=\"wpcf7-form-control-wrap\" data-name=\"your-message\"><textarea cols=\"40\" rows=\"10\" maxlength=\"2000\" class=\"wpcf7-form-control wpcf7-textarea wpcf7-validates-as-required\" aria-required=\"true\" aria-invalid=\"false\" name=\"your-message\"><\/textarea><\/span> <\/label>\n<\/p>\n<p><span class=\"wpcf7-form-control-wrap\" data-name=\"checkbox-276\"><span class=\"wpcf7-form-control wpcf7-checkbox\"><span class=\"wpcf7-list-item first last\"><label><input type=\"checkbox\" name=\"checkbox-276[]\" value=\"Jag vill bli uppringd av en svensktalande representant\" \/><span class=\"wpcf7-list-item-label\">Jag vill bli uppringd av en svensktalande representant<\/span><\/label><\/span><\/span><\/span>\n<\/p>\n\n<p><input class=\"wpcf7-form-control wpcf7-submit has-spinner\" type=\"submit\" value=\"Skicka\" \/>\n<\/p><div class=\"wpcf7-response-output\" aria-hidden=\"true\"><\/div>\n<\/form>\n<\/div>\n<\/h6>\n<\/div><\/section><\/div><div  class='flex_column av-bwich-1d2eed44a8910444380159370e8a3c55 av_one_fourth  avia-builder-el-13  el_after_av_one_half  el_before_av_hr  flex_column_div  column-top-margin'     ><\/div>\n<style type=\"text\/css\" data-created_by=\"avia_inline_auto\" id=\"style-css-av-ltt2ihf4-5f4f84b08bb3162dadb057e0d98c548d\">\n#top .hr.hr-invisible.av-ltt2ihf4-5f4f84b08bb3162dadb057e0d98c548d{\nmargin-top:-30px;\nheight:1px;\n}\n<\/style>\n<div  class='hr av-ltt2ihf4-5f4f84b08bb3162dadb057e0d98c548d hr-invisible  avia-builder-el-14  el_after_av_one_fourth  avia-builder-el-last '><span class='hr-inner '><span class=\"hr-inner-style\"><\/span><\/span><\/div>\n<\/div><\/div><\/main><!-- close content main element --><\/div><\/div><\/div><div id='after_section_1'  class='main_color av_default_container_wrap container_wrap sidebar_right'  ><div class='container av-section-cont-open' ><div class='template-page content  av-content-small alpha units'><div class='post-entry post-entry-type-page post-entry-545'><div class='entry-content-wrapper clearfix'>\n","protected":false},"excerpt":{"rendered":"","protected":false},"author":1,"featured_media":0,"parent":0,"menu_order":0,"comment_status":"closed","ping_status":"closed","template":"","meta":{"footnotes":""},"class_list":["post-545","page","type-page","status-publish","hentry"],"yoast_head":"<!-- This site is optimized with the Yoast SEO plugin v27.4 - https:\/\/yoast.com\/product\/yoast-seo-wordpress\/ -->\n<title>Support - Hem<\/title>\n<meta name=\"robots\" content=\"index, follow, max-snippet:-1, max-image-preview:large, max-video-preview:-1\" \/>\n<link rel=\"canonical\" href=\"https:\/\/meetingbtlr.com\/se\/support\/\" \/>\n<meta property=\"og:locale\" content=\"sv_SE\" \/>\n<meta property=\"og:type\" content=\"article\" \/>\n<meta property=\"og:title\" content=\"Support - Hem\" \/>\n<meta property=\"og:url\" content=\"https:\/\/meetingbtlr.com\/se\/support\/\" \/>\n<meta property=\"og:site_name\" content=\"Hem\" \/>\n<meta property=\"article:modified_time\" content=\"2026-02-04T20:59:01+00:00\" \/>\n<meta name=\"twitter:card\" content=\"summary_large_image\" \/>\n<meta name=\"twitter:label1\" content=\"Ber\u00e4knad l\u00e4stid\" \/>\n\t<meta name=\"twitter:data1\" content=\"1 minut\" \/>\n<script type=\"application\/ld+json\" class=\"yoast-schema-graph\">{\"@context\":\"https:\\\/\\\/schema.org\",\"@graph\":[{\"@type\":\"WebPage\",\"@id\":\"https:\\\/\\\/meetingbtlr.com\\\/se\\\/support\\\/\",\"url\":\"https:\\\/\\\/meetingbtlr.com\\\/se\\\/support\\\/\",\"name\":\"Support - Hem\",\"isPartOf\":{\"@id\":\"https:\\\/\\\/meetingbtlr.com\\\/se\\\/#website\"},\"datePublished\":\"2024-03-13T10:35:50+00:00\",\"dateModified\":\"2026-02-04T20:59:01+00:00\",\"breadcrumb\":{\"@id\":\"https:\\\/\\\/meetingbtlr.com\\\/se\\\/support\\\/#breadcrumb\"},\"inLanguage\":\"sv-SE\",\"potentialAction\":[{\"@type\":\"ReadAction\",\"target\":[\"https:\\\/\\\/meetingbtlr.com\\\/se\\\/support\\\/\"]}]},{\"@type\":\"BreadcrumbList\",\"@id\":\"https:\\\/\\\/meetingbtlr.com\\\/se\\\/support\\\/#breadcrumb\",\"itemListElement\":[{\"@type\":\"ListItem\",\"position\":1,\"name\":\"Hem\",\"item\":\"https:\\\/\\\/meetingbtlr.com\\\/se\\\/till-byggmundo-se\\\/\"},{\"@type\":\"ListItem\",\"position\":2,\"name\":\"Support\"}]},{\"@type\":\"WebSite\",\"@id\":\"https:\\\/\\\/meetingbtlr.com\\\/se\\\/#website\",\"url\":\"https:\\\/\\\/meetingbtlr.com\\\/se\\\/\",\"name\":\"Hem\",\"description\":\"\",\"potentialAction\":[{\"@type\":\"SearchAction\",\"target\":{\"@type\":\"EntryPoint\",\"urlTemplate\":\"https:\\\/\\\/meetingbtlr.com\\\/se\\\/?s={search_term_string}\"},\"query-input\":{\"@type\":\"PropertyValueSpecification\",\"valueRequired\":true,\"valueName\":\"search_term_string\"}}],\"inLanguage\":\"sv-SE\"}]}<\/script>\n<!-- \/ Yoast SEO plugin. -->","yoast_head_json":{"title":"Support - Hem","robots":{"index":"index","follow":"follow","max-snippet":"max-snippet:-1","max-image-preview":"max-image-preview:large","max-video-preview":"max-video-preview:-1"},"canonical":"https:\/\/meetingbtlr.com\/se\/support\/","og_locale":"sv_SE","og_type":"article","og_title":"Support - Hem","og_url":"https:\/\/meetingbtlr.com\/se\/support\/","og_site_name":"Hem","article_modified_time":"2026-02-04T20:59:01+00:00","twitter_card":"summary_large_image","twitter_misc":{"Ber\u00e4knad l\u00e4stid":"1 minut"},"schema":{"@context":"https:\/\/schema.org","@graph":[{"@type":"WebPage","@id":"https:\/\/meetingbtlr.com\/se\/support\/","url":"https:\/\/meetingbtlr.com\/se\/support\/","name":"Support - Hem","isPartOf":{"@id":"https:\/\/meetingbtlr.com\/se\/#website"},"datePublished":"2024-03-13T10:35:50+00:00","dateModified":"2026-02-04T20:59:01+00:00","breadcrumb":{"@id":"https:\/\/meetingbtlr.com\/se\/support\/#breadcrumb"},"inLanguage":"sv-SE","potentialAction":[{"@type":"ReadAction","target":["https:\/\/meetingbtlr.com\/se\/support\/"]}]},{"@type":"BreadcrumbList","@id":"https:\/\/meetingbtlr.com\/se\/support\/#breadcrumb","itemListElement":[{"@type":"ListItem","position":1,"name":"Hem","item":"https:\/\/meetingbtlr.com\/se\/till-byggmundo-se\/"},{"@type":"ListItem","position":2,"name":"Support"}]},{"@type":"WebSite","@id":"https:\/\/meetingbtlr.com\/se\/#website","url":"https:\/\/meetingbtlr.com\/se\/","name":"Hem","description":"","potentialAction":[{"@type":"SearchAction","target":{"@type":"EntryPoint","urlTemplate":"https:\/\/meetingbtlr.com\/se\/?s={search_term_string}"},"query-input":{"@type":"PropertyValueSpecification","valueRequired":true,"valueName":"search_term_string"}}],"inLanguage":"sv-SE"}]}},"_links":{"self":[{"href":"https:\/\/meetingbtlr.com\/se\/wp-json\/wp\/v2\/pages\/545","targetHints":{"allow":["GET"]}}],"collection":[{"href":"https:\/\/meetingbtlr.com\/se\/wp-json\/wp\/v2\/pages"}],"about":[{"href":"https:\/\/meetingbtlr.com\/se\/wp-json\/wp\/v2\/types\/page"}],"author":[{"embeddable":true,"href":"https:\/\/meetingbtlr.com\/se\/wp-json\/wp\/v2\/users\/1"}],"replies":[{"embeddable":true,"href":"https:\/\/meetingbtlr.com\/se\/wp-json\/wp\/v2\/comments?post=545"}],"version-history":[{"count":36,"href":"https:\/\/meetingbtlr.com\/se\/wp-json\/wp\/v2\/pages\/545\/revisions"}],"predecessor-version":[{"id":1592,"href":"https:\/\/meetingbtlr.com\/se\/wp-json\/wp\/v2\/pages\/545\/revisions\/1592"}],"wp:attachment":[{"href":"https:\/\/meetingbtlr.com\/se\/wp-json\/wp\/v2\/media?parent=545"}],"curies":[{"name":"wp","href":"https:\/\/api.w.org\/{rel}","templated":true}]}}