{"id":909,"date":"2024-04-05T17:58:52","date_gmt":"2024-04-05T17:58:52","guid":{"rendered":"https:\/\/meetingbtlr.com\/se\/?page_id=909"},"modified":"2025-02-22T20:21:42","modified_gmt":"2025-02-22T20:21:42","slug":"allmanna-villkor","status":"publish","type":"page","link":"https:\/\/meetingbtlr.com\/se\/allmanna-villkor\/","title":{"rendered":"Allm\u00e4nna villkor"},"content":{"rendered":"\n<style type=\"text\/css\" data-created_by=\"avia_inline_auto\" id=\"style-css-av-lumz7as3-a87d49f518f87fb18fae568786acd472\">\n.avia-section.av-lumz7as3-a87d49f518f87fb18fae568786acd472{\nposition:relative;\n}\n.avia-section.av-lumz7as3-a87d49f518f87fb18fae568786acd472 .avia-divider-svg-top svg{\nheight:50px;\nwidth:calc(100% + 1.3px);\nfill:#b5b5b5;\n}\n<\/style>\n<div id='av_section_1'  class='avia-section av-lumz7as3-a87d49f518f87fb18fae568786acd472 main_color avia-section-default avia-no-border-styling  avia-builder-el-0  avia-builder-el-no-sibling  avia-bg-style-scroll container_wrap sidebar_right'  ><div class='avia-divider-svg avia-divider-svg-waves avia-divider-svg-top avia-svg-original'><svg xmlns=\"http:\/\/www.w3.org\/2000\/svg\" viewBox=\"0 0 1000 100\" preserveAspectRatio=\"none\">\n\t<path d=\"M421.9,6.5c22.6-2.5,51.5,0.4,75.5,5.3c23.6,4.9,70.9,23.5,100.5,35.7c75.8,32.2,133.7,44.5,192.6,49.7\n\tc23.6,2.1,48.7,3.5,103.4-2.5c54.7-6,106.2-25.6,106.2-25.6V0H0v30.3c0,0,72,32.6,158.4,30.5c39.2-0.7,92.8-6.7,134-22.4\n\tc21.2-8.1,52.2-18.2,79.7-24.2C399.3,7.9,411.6,7.5,421.9,6.5z\"\/>\n<\/svg><\/div><div class='container av-section-cont-open' ><main  role=\"main\" itemprop=\"mainContentOfPage\"  class='template-page content  av-content-small alpha units'><div class='post-entry post-entry-type-page post-entry-909'><div class='entry-content-wrapper clearfix'>\n<section  class='av_textblock_section av-lumzadz3-44f8a952a64e6b6f6126606693dbabe3 '   itemscope=\"itemscope\" itemtype=\"https:\/\/schema.org\/CreativeWork\" ><div class='avia_textblock'  itemprop=\"text\" ><h1>Allm\u00e4nna villkor<\/h1>\n<\/div><\/section>\n<section  class='av_textblock_section av-lumyz7u5-1fc8818492d8e70e0ae4acbe095217a3 '   itemscope=\"itemscope\" itemtype=\"https:\/\/schema.org\/CreativeWork\" ><div class='avia_textblock'  itemprop=\"text\" ><p>2025-02-01<\/p>\n<p><strong>1. Tj\u00e4nsteomfattning:<\/strong><br \/>Genom att anv\u00e4nda tj\u00e4nster fr\u00e5n meetingbtlr.com godk\u00e4nner du att f\u00f6lja dessa allm\u00e4nna villkor. Tj\u00e4nsten inkluderar tillhandah\u00e5llande av programvara och lagring f\u00f6r att underl\u00e4tta tillg\u00e5ng och hantering av data f\u00f6r hantering av bokningar av resurser som f\u00f6retr\u00e4desvis, men inte alltid, handlar om kobferensrum.<\/p>\n<p><strong>2. Anv\u00e4ndarbeh\u00f6righet<\/strong><br \/>Endast beh\u00f6riga anv\u00e4ndare f\u00e5r anv\u00e4nda tj\u00e4nsten.<\/p>\n<p><strong>3. Ansvar f\u00f6r inneh\u00e5ll<\/strong><br \/>Anv\u00e4ndare \u00e4r ansvariga f\u00f6r allt inneh\u00e5ll som de lagrar, delar eller bearbetar genom tj\u00e4nsten. Vi f\u00f6rbeh\u00e5ller oss r\u00e4tten att ta bort ol\u00e4mpligt inneh\u00e5ll.<\/p>\n<p><strong>4. S\u00e4kerhet<\/strong><br \/>Anv\u00e4ndare ansvarar f\u00f6r att skydda sina kontouppgifter och f\u00f6rhindra obeh\u00f6rig \u00e5tkomst till tj\u00e4nsten. Vi vidtar rimliga \u00e5tg\u00e4rder f\u00f6r att s\u00e4kerst\u00e4lla dataintegritet och skydd, men kan inte garantera absolut s\u00e4kerhet.<\/p>\n<p><strong>5. Betalning och fakturering<\/strong><br \/>Tj\u00e4nsten \u00e4r f\u00f6rem\u00e5l f\u00f6r avgifter enligt avtalad priss\u00e4ttning. Betalningar ska g\u00f6ras i enlighet med faktureringsvillkor och i r\u00e4tt tid f\u00f6r att undvika avbrott i tj\u00e4nsten.<\/p>\n<p><strong>6. \u00c4ndringar och upph\u00f6rande<\/strong><br \/>Vi f\u00f6rbeh\u00e5ller oss r\u00e4tten att g\u00f6ra \u00e4ndringar i tj\u00e4nsten och dess villkor med \u00e5tminstone 30 dagars varsel. Vi kan ocks\u00e5 avbryta eller avsluta tj\u00e4nsten om anv\u00e4ndarvillkoren inte f\u00f6ljs eller betalning f\u00f6r tj\u00e4nsten inte har erlagts till leverant\u00f6ren.<\/p>\n<p><strong>7. Immateriella r\u00e4ttigheter<\/strong><br \/>All immateriell egendom och r\u00e4ttigheter f\u00f6rblir v\u00e5r egendom eller v\u00e5ra licensgivares egendom. Anv\u00e4ndare f\u00e5r inte modifiera, kopiera, distribuera, s\u00e4lja eller skapa h\u00e4rledda verk fr\u00e5n tj\u00e4nsten utan v\u00e5rt uttryckliga godk\u00e4nnande.<\/p>\n<p><strong>8. Ansvarsfriskrivning<\/strong><br \/>Vi friskriver oss fr\u00e5n allt ansvar f\u00f6r skador som uppst\u00e5r till f\u00f6ljd av anv\u00e4ndning av tj\u00e4nsten, inklusive indirekta, f\u00f6ljdskador eller f\u00f6rlust av data.<\/p>\n<p><strong>9. Tvistl\u00f6sning<\/strong><br \/>Tvister mellan parter ska i f\u00f6rsta hand l\u00f6sas genom f\u00f6rhandlingar. Om en \u00f6verenskommelse inte kan n\u00e5s ska tvisten l\u00f6sas enligt till\u00e4mplig lagstiftning d\u00e4r tj\u00e4nsten tillhandah\u00e5lls.<\/p>\n<p>Genom att anv\u00e4nda tj\u00e4nsten bekr\u00e4ftar du att du har l\u00e4st och f\u00f6rst\u00e5tt dessa allm\u00e4nna villkor och samtycker till att f\u00f6lja dem.<\/p>\n<\/div><\/section>\n\n<style type=\"text\/css\" data-created_by=\"avia_inline_auto\" id=\"style-css-av-lun4vya3-b840019f72995921bdaf051a8e7031fa\">\n#top .hr.hr-invisible.av-lun4vya3-b840019f72995921bdaf051a8e7031fa{\nheight:28px;\n}\n<\/style>\n<div  class='hr av-lun4vya3-b840019f72995921bdaf051a8e7031fa hr-invisible  avia-builder-el-3  el_after_av_textblock  avia-builder-el-last '><span class='hr-inner '><span class=\"hr-inner-style\"><\/span><\/span><\/div>\n<\/div><\/div><\/main><!-- close content main element --><\/div><\/div><div id='after_section_1'  class='main_color av_default_container_wrap container_wrap sidebar_right'  ><div class='container av-section-cont-open' ><div class='template-page content  av-content-small alpha units'><div class='post-entry post-entry-type-page post-entry-909'><div class='entry-content-wrapper clearfix'>\n","protected":false},"excerpt":{"rendered":"","protected":false},"author":1,"featured_media":0,"parent":0,"menu_order":0,"comment_status":"closed","ping_status":"closed","template":"","meta":{"footnotes":""},"class_list":["post-909","page","type-page","status-publish","hentry"],"yoast_head":"<!-- This site is optimized with the Yoast SEO plugin v27.4 - https:\/\/yoast.com\/product\/yoast-seo-wordpress\/ -->\n<title>Allm\u00e4nna villkor - Hem<\/title>\n<meta name=\"robots\" content=\"index, follow, max-snippet:-1, max-image-preview:large, max-video-preview:-1\" \/>\n<link rel=\"canonical\" href=\"https:\/\/meetingbtlr.com\/se\/allmanna-villkor\/\" \/>\n<meta property=\"og:locale\" content=\"sv_SE\" \/>\n<meta property=\"og:type\" content=\"article\" \/>\n<meta property=\"og:title\" content=\"Allm\u00e4nna villkor - Hem\" \/>\n<meta property=\"og:url\" content=\"https:\/\/meetingbtlr.com\/se\/allmanna-villkor\/\" \/>\n<meta property=\"og:site_name\" content=\"Hem\" \/>\n<meta property=\"article:modified_time\" content=\"2025-02-22T20:21:42+00:00\" \/>\n<meta name=\"twitter:card\" content=\"summary_large_image\" \/>\n<meta name=\"twitter:label1\" content=\"Ber\u00e4knad l\u00e4stid\" \/>\n\t<meta name=\"twitter:data1\" content=\"2 minuter\" \/>\n<script type=\"application\/ld+json\" class=\"yoast-schema-graph\">{\"@context\":\"https:\\\/\\\/schema.org\",\"@graph\":[{\"@type\":\"WebPage\",\"@id\":\"https:\\\/\\\/meetingbtlr.com\\\/se\\\/allmanna-villkor\\\/\",\"url\":\"https:\\\/\\\/meetingbtlr.com\\\/se\\\/allmanna-villkor\\\/\",\"name\":\"Allm\u00e4nna villkor - Hem\",\"isPartOf\":{\"@id\":\"https:\\\/\\\/meetingbtlr.com\\\/se\\\/#website\"},\"datePublished\":\"2024-04-05T17:58:52+00:00\",\"dateModified\":\"2025-02-22T20:21:42+00:00\",\"breadcrumb\":{\"@id\":\"https:\\\/\\\/meetingbtlr.com\\\/se\\\/allmanna-villkor\\\/#breadcrumb\"},\"inLanguage\":\"sv-SE\",\"potentialAction\":[{\"@type\":\"ReadAction\",\"target\":[\"https:\\\/\\\/meetingbtlr.com\\\/se\\\/allmanna-villkor\\\/\"]}]},{\"@type\":\"BreadcrumbList\",\"@id\":\"https:\\\/\\\/meetingbtlr.com\\\/se\\\/allmanna-villkor\\\/#breadcrumb\",\"itemListElement\":[{\"@type\":\"ListItem\",\"position\":1,\"name\":\"Hem\",\"item\":\"https:\\\/\\\/meetingbtlr.com\\\/se\\\/till-byggmundo-se\\\/\"},{\"@type\":\"ListItem\",\"position\":2,\"name\":\"Allm\u00e4nna villkor\"}]},{\"@type\":\"WebSite\",\"@id\":\"https:\\\/\\\/meetingbtlr.com\\\/se\\\/#website\",\"url\":\"https:\\\/\\\/meetingbtlr.com\\\/se\\\/\",\"name\":\"Hem\",\"description\":\"\",\"potentialAction\":[{\"@type\":\"SearchAction\",\"target\":{\"@type\":\"EntryPoint\",\"urlTemplate\":\"https:\\\/\\\/meetingbtlr.com\\\/se\\\/?s={search_term_string}\"},\"query-input\":{\"@type\":\"PropertyValueSpecification\",\"valueRequired\":true,\"valueName\":\"search_term_string\"}}],\"inLanguage\":\"sv-SE\"}]}<\/script>\n<!-- \/ Yoast SEO plugin. -->","yoast_head_json":{"title":"Allm\u00e4nna villkor - Hem","robots":{"index":"index","follow":"follow","max-snippet":"max-snippet:-1","max-image-preview":"max-image-preview:large","max-video-preview":"max-video-preview:-1"},"canonical":"https:\/\/meetingbtlr.com\/se\/allmanna-villkor\/","og_locale":"sv_SE","og_type":"article","og_title":"Allm\u00e4nna villkor - Hem","og_url":"https:\/\/meetingbtlr.com\/se\/allmanna-villkor\/","og_site_name":"Hem","article_modified_time":"2025-02-22T20:21:42+00:00","twitter_card":"summary_large_image","twitter_misc":{"Ber\u00e4knad l\u00e4stid":"2 minuter"},"schema":{"@context":"https:\/\/schema.org","@graph":[{"@type":"WebPage","@id":"https:\/\/meetingbtlr.com\/se\/allmanna-villkor\/","url":"https:\/\/meetingbtlr.com\/se\/allmanna-villkor\/","name":"Allm\u00e4nna villkor - Hem","isPartOf":{"@id":"https:\/\/meetingbtlr.com\/se\/#website"},"datePublished":"2024-04-05T17:58:52+00:00","dateModified":"2025-02-22T20:21:42+00:00","breadcrumb":{"@id":"https:\/\/meetingbtlr.com\/se\/allmanna-villkor\/#breadcrumb"},"inLanguage":"sv-SE","potentialAction":[{"@type":"ReadAction","target":["https:\/\/meetingbtlr.com\/se\/allmanna-villkor\/"]}]},{"@type":"BreadcrumbList","@id":"https:\/\/meetingbtlr.com\/se\/allmanna-villkor\/#breadcrumb","itemListElement":[{"@type":"ListItem","position":1,"name":"Hem","item":"https:\/\/meetingbtlr.com\/se\/till-byggmundo-se\/"},{"@type":"ListItem","position":2,"name":"Allm\u00e4nna villkor"}]},{"@type":"WebSite","@id":"https:\/\/meetingbtlr.com\/se\/#website","url":"https:\/\/meetingbtlr.com\/se\/","name":"Hem","description":"","potentialAction":[{"@type":"SearchAction","target":{"@type":"EntryPoint","urlTemplate":"https:\/\/meetingbtlr.com\/se\/?s={search_term_string}"},"query-input":{"@type":"PropertyValueSpecification","valueRequired":true,"valueName":"search_term_string"}}],"inLanguage":"sv-SE"}]}},"_links":{"self":[{"href":"https:\/\/meetingbtlr.com\/se\/wp-json\/wp\/v2\/pages\/909","targetHints":{"allow":["GET"]}}],"collection":[{"href":"https:\/\/meetingbtlr.com\/se\/wp-json\/wp\/v2\/pages"}],"about":[{"href":"https:\/\/meetingbtlr.com\/se\/wp-json\/wp\/v2\/types\/page"}],"author":[{"embeddable":true,"href":"https:\/\/meetingbtlr.com\/se\/wp-json\/wp\/v2\/users\/1"}],"replies":[{"embeddable":true,"href":"https:\/\/meetingbtlr.com\/se\/wp-json\/wp\/v2\/comments?post=909"}],"version-history":[{"count":13,"href":"https:\/\/meetingbtlr.com\/se\/wp-json\/wp\/v2\/pages\/909\/revisions"}],"predecessor-version":[{"id":1552,"href":"https:\/\/meetingbtlr.com\/se\/wp-json\/wp\/v2\/pages\/909\/revisions\/1552"}],"wp:attachment":[{"href":"https:\/\/meetingbtlr.com\/se\/wp-json\/wp\/v2\/media?parent=909"}],"curies":[{"name":"wp","href":"https:\/\/api.w.org\/{rel}","templated":true}]}}